{"id":409,"date":"2021-12-21T12:15:19","date_gmt":"2021-12-21T11:15:19","guid":{"rendered":"https:\/\/kompas.mepi.si\/prijave\/?page_id=409"},"modified":"2023-01-09T14:06:55","modified_gmt":"2023-01-09T13:06:55","slug":"prijava-na-dogodek-mepi-karierna-izvidnica","status":"publish","type":"page","link":"https:\/\/kompas.mepi.si\/prijave\/prijava-na-dogodek-mepi-karierna-izvidnica\/","title":{"rendered":"Prijava na dogodek MEPI karierna izvidnica"},"content":{"rendered":"<div id=\"pl-409\"  class=\"panel-layout\" ><div id=\"pg-409-0\"  class=\"panel-grid panel-has-style\" ><div class=\"panel-row-style panel-row-style-for-409-0\" ><div id=\"pgc-409-0-0\"  class=\"panel-grid-cell\" ><div id=\"panel-409-0-0-0\" class=\"so-panel widget widget_sow-headline panel-first-child\" data-index=\"0\" ><div\n\t\t\t\n\t\t\tclass=\"so-widget-sow-headline so-widget-sow-headline-default-42661c0c9fbd-409\"\n\t\t\t\n\t\t><div class=\"sow-headline-container \">\n\t\t\t\t\t\t\t<h2 class=\"sow-headline\">\n\t\t\t\t\t\tPrijava na dogodek MEPI karierna izvidnica\t\t\t\t\t\t<\/h2>\n\t\t\t\t\t\t<\/div>\n<\/div><\/div><div id=\"panel-409-0-0-1\" class=\"so-panel widget widget_sow-editor panel-last-child\" data-index=\"1\" ><div\n\t\t\t\n\t\t\tclass=\"so-widget-sow-editor so-widget-sow-editor-base\"\n\t\t\t\n\t\t>\n<div class=\"siteorigin-widget-tinymce textwidget\">\n\t<p>Prejemniki zlatega priznanja MEPI v \u010detrtek, 12. januarja 2023, ob 18:00 organiziramo online dogodek MEPI karierna izvidnica. Na dogodku bomo podali informacije iz prve roke glede \u0161tudija in odgovorili na vsa vpra\u0161anja v povezavi s \u0161tudijem in \u0161tudentskim \u017eivljenjem.<\/p>\n<p>Seznam \u0161tudijskih smeri, ki bodo predstavljene, je na voljo <a href=\"https:\/\/mepi.si\/mepi-karierna-izvidnica\/\" target=\"_blank\" rel=\"noopener\">tukaj<\/a> in se sproti dopolnjuje.<\/p>\n<p><strong>PRIJAVE NA DOGODEK SO ZAPRTE.<\/strong><\/p>\n\n<\/div>\n<\/div><\/div><\/div><\/div><\/div><\/div>","protected":false},"excerpt":{"rendered":"<p>Prejemniki zlatega priznanja MEPI v \u010detrtek, 12. januarja 2023, ob 18:00 organiziramo online dogodek MEPI karierna izvidnica. Na dogodku bomo podali informacije iz prve roke glede \u0161tudija in odgovorili na vsa vpra\u0161anja v povezavi s \u0161tudijem in \u0161tudentskim \u017eivljenjem. Seznam \u0161tudijskih smeri, ki bodo predstavljene, je na voljo tukaj in se sproti dopolnjuje. PRIJAVE NA [&hellip;]<\/p>\n","protected":false},"author":1,"featured_media":0,"parent":0,"menu_order":0,"comment_status":"closed","ping_status":"closed","template":"page-templates\/full-width.php","meta":{"footnotes":""},"class_list":["post-409","page","type-page","status-publish","hentry"],"_links":{"self":[{"href":"https:\/\/kompas.mepi.si\/prijave\/wp-json\/wp\/v2\/pages\/409","targetHints":{"allow":["GET"]}}],"collection":[{"href":"https:\/\/kompas.mepi.si\/prijave\/wp-json\/wp\/v2\/pages"}],"about":[{"href":"https:\/\/kompas.mepi.si\/prijave\/wp-json\/wp\/v2\/types\/page"}],"author":[{"embeddable":true,"href":"https:\/\/kompas.mepi.si\/prijave\/wp-json\/wp\/v2\/users\/1"}],"replies":[{"embeddable":true,"href":"https:\/\/kompas.mepi.si\/prijave\/wp-json\/wp\/v2\/comments?post=409"}],"version-history":[{"count":14,"href":"https:\/\/kompas.mepi.si\/prijave\/wp-json\/wp\/v2\/pages\/409\/revisions"}],"predecessor-version":[{"id":457,"href":"https:\/\/kompas.mepi.si\/prijave\/wp-json\/wp\/v2\/pages\/409\/revisions\/457"}],"wp:attachment":[{"href":"https:\/\/kompas.mepi.si\/prijave\/wp-json\/wp\/v2\/media?parent=409"}],"curies":[{"name":"wp","href":"https:\/\/api.w.org\/{rel}","templated":true}]}}